{"id":159,"date":"2021-04-27T09:02:45","date_gmt":"2021-04-27T09:02:45","guid":{"rendered":"https:\/\/www.cultenergydrink.com\/?page_id=159"},"modified":"2023-11-07T11:30:41","modified_gmt":"2023-11-07T11:30:41","slug":"kupsistepoliitika","status":"publish","type":"page","link":"https:\/\/www.cultenergydrink.com\/et\/kupsistepoliitika\/","title":{"rendered":"K\u00dcPSISTEPOLIITIKA"},"content":{"rendered":"<p><strong>MIS ON K\u00dcPSISED?<\/strong><\/p>\n<p>K\u00fcpsised on v\u00e4ikesed tekstifailid, mis salvestavad teavet Teie Interneti-sirvimise kohta. Peaaegu k\u00f5ik veebilehed kasutavad k\u00fcpsiseid. K\u00fcpsise laadib teie interneti veebilehitseja alla esimesel korral, kui mingit veebilehte k\u00fclastate. Kui j\u00e4rgmine kord samast seadmest samale veebilehele l\u00e4hete, saadetakse k\u00fcpsis ja selles sisalduv teave tagasi esialgsele veebilehele (esimese osapoole k\u00fcpsised) v\u00f5i muule seotud veebilehele (kolmanda osapoole k\u00fcpsised). Selle abil suudab veebileht tuvastada, kas seda on juba varem samast veebilehitsejast avatud, ning m\u00f5nel juhul kohandab selle alusel k\u00fclastajale n\u00e4idatavat sisu.<\/p>\n<p>M\u00f5ned k\u00fcpsised on \u00e4\u00e4rmiselt kasulikud, kuna v\u00f5ivad parandada teie kasutajakogemust, kui naasete veebilehele, mida olete varem juba k\u00fclastanud. Selle eelduseks on, et kasutate sama seadet ja veebilehitsejat \u2013 sellisel juhul m\u00e4letavad k\u00fcpsised teie eelistusi, veebilehe kasutamise viisi ning kohandavad n\u00e4idatavat sisu nii, et see sobituks k\u00f5ige paremini teie isiklike huvide ja vajadustega.<\/p>\n<p><strong>TEIE K\u00dcPSISESEADISTUSED SELLEL VEEBILEHEL<\/strong><\/p>\n<p><strong>Sellel veebilehel kasutatakse mh k\u00fcpsiseid, mis ei vaja n\u00f5usolekut.<\/strong><\/p>\n<p>Vajalikud k\u00fcpsised on olulised k\u00fcpsised, mis v\u00f5imaldavad funktsioone, ilma milleta ei oleks v\u00f5imalik veebilehte soovitud moel kasutada. Neid kasutatakse vaid sellel veebilehel, mist\u00f5ttu nimetatakse neid esimese osapoole k\u00fcpsisteks. Need salvestatakse teie arvutisse vaid siis, kui reaalselt veebilehte sirvite. \u00dcks vajalike k\u00fcpsiste \u00fclesanne on n\u00e4iteks tagada, et ekraanilt n\u00e4htav vastaks andmemahule, mida teie praegune interneti\u00fchendus edastada suudab. Teiseks \u00fclesandeks on n\u00e4iteks h\u00f5lbustada \u00fcleminekut HTTP-lt HTTPS-lehtedele nii, et s\u00e4iliks andmete edastamise turvalisus. Lisaks kasutatakse sedasorti k\u00fcpsist, et salvestada teie otsus k\u00fcpsiste kasutamise kohta meie veebilehel. Vajalike k\u00fcpsiste puhul ei ole teie n\u00f5usolek vajalik.<\/p>\n<p>Sellel veebilehel kasutatakse esimese osapoole k\u00fcpsiseid, mis vajavad Teie n\u00f5usolekut.<br \/>\nOlulisi \u00fclesandeid t\u00e4idavad ka need k\u00fcpsised, mis ei ole rangelt juriidilises m\u00f5ttes veebilehe kasutamiseks h\u00e4davajalikud. Ilma nendeta ei ole k\u00e4ttesaadavad funktsioonid, mis v\u00f5imaldavad veebilehe mugavat kasutamist, nt eelt\u00e4idetud vormid. Teie seadistused, n\u00e4iteks keelevalikud, j\u00e4\u00e4vad salvestamata ning neid k\u00fcsitakse uuesti \u00fcle iga kord, kui lehek\u00fclge vahetate. Lisaks sellele ei ole v\u00f5imalik esitada teile pakkumisi, mis on spetsiaalselt teile kohandatud.<\/p>\n<p>See veebisait kasutab teie n\u00f5usolekut vajavaid kolmandate osapoolte k\u00fcpsiseid.<br \/>\nSee veebileht sisaldab kolmandatele osapooltele kuuluvat sisu. Seda veebisaiti k\u00fclastades v\u00f5ivad need kolmandatest osapooltest teenusepakkujad salvestada teie arvutisse k\u00fcpsiseid, et saada infot selle veebisaidi k\u00fclastuse kohta. Kui vajate rohkem teavet selle kohta, kuidas nad k\u00fcpsiseid kasutavad, k\u00fclastage vastavate kolmandate poolte veebilehti. Kui olete otsustanud n\u00f5usolekut vajavate k\u00fcpsiste kasutamist mitte lubada v\u00f5i olete oma loa tagasi v\u00f5tnud, pakutakse teile vaid neid veebilehe v\u00f5imalusi, mille jaoks vastavaid k\u00fcpsiseid tarvis ei l\u00e4he. Sellisel juhul puudub teil juurdep\u00e4\u00e4s veebisaidi nendele osadele, mis v\u00f5ivad sisaldada kolmanda osapoole sisu ja mis kasutavad kolmanda osapoole k\u00fcpsiseid. Kui te ei soovi \u00fcldse k\u00fcpsiseid lubada, saate seda m\u00e4\u00e4rata oma veebilehitsejast.<br \/>\n<a href=\"https:\/\/support.microsoft.com\/et-ee\/help\/17442\/windows-internet-explorer-delete-manage-cookies\">Internet Explorer<\/a><br \/>\n<a href=\"https:\/\/support.mozilla.org\/et\/kb\/delete-cookies-remove-info-websites-stored\">Mozilla Firefox<\/a><br \/>\n<a href=\"https:\/\/support.google.com\/chrome\/answer\/95647?hl=et\">Google Chrome<\/a><br \/>\n<a href=\"http:\/\/help.opera.com\/Windows\/12.10\/en\/cookies.html\">Opera<\/a><br \/>\n<a href=\"https:\/\/support.apple.com\/en-euro\/HT201265\">Safari<\/a><\/p>\n<p>K\u00fcpsiseid puudutavat teavet uuendati viimati 06.11.2023.<\/p>\n<p>&nbsp;<\/p>\n<p>N\u00d5UTAVAD K\u00dcPSISED<\/p>\n<div class=\"tableBlock\">\n<div class=\"tableBlockInner\">\n<table width=\"100%\">\n<thead>\n<tr>\n<td colspan=\"4\" width=\"99%\">Vajalikud k\u00fcpsised aitavad veebilehel korralikult toimida, v\u00f5imaldades p\u00f5hifunktsioone nagu lehe sirvimine ning juurdep\u00e4\u00e4s veebilehe turvalistele aladele. Veebileht ei toimi nende k\u00fcpsisteta n\u00f5uetekohaselt.<\/td>\n<\/tr>\n<tr>\n<td width=\"20%\"><strong>Nimi<\/strong><\/td>\n<td width=\"33%\"><strong>Teenusepakkuja<\/strong><\/td>\n<td width=\"33%\"><strong>Otstarve<\/strong><\/td>\n<td width=\"11%\"><strong>Aegumine<\/strong><\/td>\n<\/tr>\n<\/thead>\n<tbody>\n<tr>\n<td width=\"20%\">PHPSESSID<\/td>\n<td width=\"33%\">Cultenergydrink.com<\/td>\n<td width=\"33%\">Kasutaja seansi toetamine<\/td>\n<td width=\"11%\">Seanss<\/td>\n<\/tr>\n<tr>\n<td width=\"20%\">cookieconsent_status<\/td>\n<td width=\"33%\">Cultenergydrink.com<\/td>\n<td width=\"33%\">Salvestab teavet k\u00fclastaja n\u00f5usoleku kohta konkreetse domeeniga seotud k\u00fcpsiste kasutamiseks<\/td>\n<td width=\"11%\">1 aasta<\/td>\n<\/tr>\n<\/tbody>\n<\/table>\n<\/div>\n<\/div>\n","protected":false},"excerpt":{"rendered":"<p>MIS ON K\u00dcPSISED? K\u00fcpsised on v\u00e4ikesed tekstifailid, mis salvestavad teavet Teie Interneti-sirvimise kohta. Peaaegu k\u00f5ik veebilehed kasutavad k\u00fcpsiseid. K\u00fcpsise laadib teie interneti veebilehitseja alla esimesel korral, kui mingit veebilehte k\u00fclastate. Kui j\u00e4rgmine kord samast seadmest samale veebilehele l\u00e4hete, saadetakse k\u00fcpsis ja selles sisalduv teave tagasi esialgsele veebilehele (esimese osapoole k\u00fcpsised) v\u00f5i muule seotud veebilehele (kolmanda [&hellip;]<\/p>\n","protected":false},"author":1,"featured_media":0,"parent":0,"menu_order":0,"comment_status":"closed","ping_status":"closed","template":"template-simple-content.php","meta":{"_acf_changed":false,"footnotes":""},"class_list":["post-159","page","type-page","status-publish","hentry"],"acf":[],"yoast_head":"<!-- This site is optimized with the Yoast SEO plugin v26.9 - https:\/\/yoast.com\/product\/yoast-seo-wordpress\/ -->\n<title>K\u00dcPSISTEPOLIITIKA - Cult<\/title>\n<meta name=\"robots\" content=\"index, follow, max-snippet:-1, max-image-preview:large, max-video-preview:-1\" \/>\n<link rel=\"canonical\" href=\"https:\/\/www.cultenergydrink.com\/et\/kupsistepoliitika\/\" \/>\n<meta property=\"og:locale\" content=\"et_EE\" \/>\n<meta property=\"og:type\" content=\"article\" \/>\n<meta property=\"og:title\" content=\"K\u00dcPSISTEPOLIITIKA - Cult\" \/>\n<meta property=\"og:description\" content=\"MIS ON K\u00dcPSISED? K\u00fcpsised on v\u00e4ikesed tekstifailid, mis salvestavad teavet Teie Interneti-sirvimise kohta. Peaaegu k\u00f5ik veebilehed kasutavad k\u00fcpsiseid. K\u00fcpsise laadib teie interneti veebilehitseja alla esimesel korral, kui mingit veebilehte k\u00fclastate. Kui j\u00e4rgmine kord samast seadmest samale veebilehele l\u00e4hete, saadetakse k\u00fcpsis ja selles sisalduv teave tagasi esialgsele veebilehele (esimese osapoole k\u00fcpsised) v\u00f5i muule seotud veebilehele (kolmanda [&hellip;]\" \/>\n<meta property=\"og:url\" content=\"https:\/\/www.cultenergydrink.com\/et\/kupsistepoliitika\/\" \/>\n<meta property=\"og:site_name\" content=\"Cult\" \/>\n<meta property=\"article:modified_time\" content=\"2023-11-07T11:30:41+00:00\" \/>\n<meta name=\"twitter:card\" content=\"summary_large_image\" \/>\n<meta name=\"twitter:label1\" content=\"Est. reading time\" \/>\n\t<meta name=\"twitter:data1\" content=\"3 minutit\" \/>\n<script type=\"application\/ld+json\" class=\"yoast-schema-graph\">{\"@context\":\"https:\/\/schema.org\",\"@graph\":[{\"@type\":\"WebPage\",\"@id\":\"https:\/\/www.cultenergydrink.com\/et\/kupsistepoliitika\/\",\"url\":\"https:\/\/www.cultenergydrink.com\/et\/kupsistepoliitika\/\",\"name\":\"K\u00dcPSISTEPOLIITIKA - Cult\",\"isPartOf\":{\"@id\":\"https:\/\/www.cultenergydrink.com\/et\/#website\"},\"datePublished\":\"2021-04-27T09:02:45+00:00\",\"dateModified\":\"2023-11-07T11:30:41+00:00\",\"inLanguage\":\"et\",\"potentialAction\":[{\"@type\":\"ReadAction\",\"target\":[\"https:\/\/www.cultenergydrink.com\/et\/kupsistepoliitika\/\"]}]},{\"@type\":\"WebSite\",\"@id\":\"https:\/\/www.cultenergydrink.com\/et\/#website\",\"url\":\"https:\/\/www.cultenergydrink.com\/et\/\",\"name\":\"Cultenergydrink\",\"description\":\"Kasdienyb\u0117s ekstremalams\",\"publisher\":{\"@id\":\"https:\/\/www.cultenergydrink.com\/et\/#organization\"},\"potentialAction\":[{\"@type\":\"SearchAction\",\"target\":{\"@type\":\"EntryPoint\",\"urlTemplate\":\"https:\/\/www.cultenergydrink.com\/et\/?s={search_term_string}\"},\"query-input\":{\"@type\":\"PropertyValueSpecification\",\"valueRequired\":true,\"valueName\":\"search_term_string\"}}],\"inLanguage\":\"et\"},{\"@type\":\"Organization\",\"@id\":\"https:\/\/www.cultenergydrink.com\/et\/#organization\",\"name\":\"Cultenergydrink\",\"url\":\"https:\/\/www.cultenergydrink.com\/et\/\",\"logo\":{\"@type\":\"ImageObject\",\"inLanguage\":\"et\",\"@id\":\"https:\/\/www.cultenergydrink.com\/et\/#\/schema\/logo\/image\/\",\"url\":\"https:\/\/www.cultenergydrink.com\/wp-content\/uploads\/2026\/01\/cultenergydrink.png\",\"contentUrl\":\"https:\/\/www.cultenergydrink.com\/wp-content\/uploads\/2026\/01\/cultenergydrink.png\",\"width\":408,\"height\":126,\"caption\":\"Cultenergydrink\"},\"image\":{\"@id\":\"https:\/\/www.cultenergydrink.com\/et\/#\/schema\/logo\/image\/\"}}]}<\/script>\n<!-- \/ Yoast SEO plugin. -->","yoast_head_json":{"title":"K\u00dcPSISTEPOLIITIKA - Cult","robots":{"index":"index","follow":"follow","max-snippet":"max-snippet:-1","max-image-preview":"max-image-preview:large","max-video-preview":"max-video-preview:-1"},"canonical":"https:\/\/www.cultenergydrink.com\/et\/kupsistepoliitika\/","og_locale":"et_EE","og_type":"article","og_title":"K\u00dcPSISTEPOLIITIKA - Cult","og_description":"MIS ON K\u00dcPSISED? K\u00fcpsised on v\u00e4ikesed tekstifailid, mis salvestavad teavet Teie Interneti-sirvimise kohta. Peaaegu k\u00f5ik veebilehed kasutavad k\u00fcpsiseid. K\u00fcpsise laadib teie interneti veebilehitseja alla esimesel korral, kui mingit veebilehte k\u00fclastate. Kui j\u00e4rgmine kord samast seadmest samale veebilehele l\u00e4hete, saadetakse k\u00fcpsis ja selles sisalduv teave tagasi esialgsele veebilehele (esimese osapoole k\u00fcpsised) v\u00f5i muule seotud veebilehele (kolmanda [&hellip;]","og_url":"https:\/\/www.cultenergydrink.com\/et\/kupsistepoliitika\/","og_site_name":"Cult","article_modified_time":"2023-11-07T11:30:41+00:00","twitter_card":"summary_large_image","twitter_misc":{"Est. reading time":"3 minutit"},"schema":{"@context":"https:\/\/schema.org","@graph":[{"@type":"WebPage","@id":"https:\/\/www.cultenergydrink.com\/et\/kupsistepoliitika\/","url":"https:\/\/www.cultenergydrink.com\/et\/kupsistepoliitika\/","name":"K\u00dcPSISTEPOLIITIKA - Cult","isPartOf":{"@id":"https:\/\/www.cultenergydrink.com\/et\/#website"},"datePublished":"2021-04-27T09:02:45+00:00","dateModified":"2023-11-07T11:30:41+00:00","inLanguage":"et","potentialAction":[{"@type":"ReadAction","target":["https:\/\/www.cultenergydrink.com\/et\/kupsistepoliitika\/"]}]},{"@type":"WebSite","@id":"https:\/\/www.cultenergydrink.com\/et\/#website","url":"https:\/\/www.cultenergydrink.com\/et\/","name":"Cultenergydrink","description":"Kasdienyb\u0117s ekstremalams","publisher":{"@id":"https:\/\/www.cultenergydrink.com\/et\/#organization"},"potentialAction":[{"@type":"SearchAction","target":{"@type":"EntryPoint","urlTemplate":"https:\/\/www.cultenergydrink.com\/et\/?s={search_term_string}"},"query-input":{"@type":"PropertyValueSpecification","valueRequired":true,"valueName":"search_term_string"}}],"inLanguage":"et"},{"@type":"Organization","@id":"https:\/\/www.cultenergydrink.com\/et\/#organization","name":"Cultenergydrink","url":"https:\/\/www.cultenergydrink.com\/et\/","logo":{"@type":"ImageObject","inLanguage":"et","@id":"https:\/\/www.cultenergydrink.com\/et\/#\/schema\/logo\/image\/","url":"https:\/\/www.cultenergydrink.com\/wp-content\/uploads\/2026\/01\/cultenergydrink.png","contentUrl":"https:\/\/www.cultenergydrink.com\/wp-content\/uploads\/2026\/01\/cultenergydrink.png","width":408,"height":126,"caption":"Cultenergydrink"},"image":{"@id":"https:\/\/www.cultenergydrink.com\/et\/#\/schema\/logo\/image\/"}}]}},"_links":{"self":[{"href":"https:\/\/www.cultenergydrink.com\/et\/wp-json\/wp\/v2\/pages\/159","targetHints":{"allow":["GET"]}}],"collection":[{"href":"https:\/\/www.cultenergydrink.com\/et\/wp-json\/wp\/v2\/pages"}],"about":[{"href":"https:\/\/www.cultenergydrink.com\/et\/wp-json\/wp\/v2\/types\/page"}],"author":[{"embeddable":true,"href":"https:\/\/www.cultenergydrink.com\/et\/wp-json\/wp\/v2\/users\/1"}],"replies":[{"embeddable":true,"href":"https:\/\/www.cultenergydrink.com\/et\/wp-json\/wp\/v2\/comments?post=159"}],"version-history":[{"count":4,"href":"https:\/\/www.cultenergydrink.com\/et\/wp-json\/wp\/v2\/pages\/159\/revisions"}],"predecessor-version":[{"id":327,"href":"https:\/\/www.cultenergydrink.com\/et\/wp-json\/wp\/v2\/pages\/159\/revisions\/327"}],"wp:attachment":[{"href":"https:\/\/www.cultenergydrink.com\/et\/wp-json\/wp\/v2\/media?parent=159"}],"curies":[{"name":"wp","href":"https:\/\/api.w.org\/{rel}","templated":true}]}}